{"id":2,"date":"2021-10-19T00:44:35","date_gmt":"2021-10-19T00:44:35","guid":{"rendered":"https:\/\/dactech.net\/uio\/?page_id=2"},"modified":"2021-10-18T20:55:12","modified_gmt":"2021-10-19T01:55:12","slug":"sample-page","status":"publish","type":"page","link":"https:\/\/dactech.net\/uio\/","title":{"rendered":"DACTECH"},"content":{"rendered":"\t\t<div data-elementor-type=\"wp-page\" data-elementor-id=\"2\" class=\"elementor elementor-2\">\n\t\t\t\t\t\t<section class=\"elementor-section elementor-top-section elementor-element elementor-element-5be8cd24 elementor-section-boxed elementor-section-height-default elementor-section-height-default\" data-id=\"5be8cd24\" data-element_type=\"section\" data-e-type=\"section\">\n\t\t\t\t\t\t<div class=\"elementor-container elementor-column-gap-default\">\n\t\t\t\t\t<div class=\"elementor-column elementor-col-100 elementor-top-column elementor-element elementor-element-432b8427\" data-id=\"432b8427\" data-element_type=\"column\" data-e-type=\"column\">\n\t\t\t<div class=\"elementor-widget-wrap elementor-element-populated\">\n\t\t\t\t\t\t<div class=\"elementor-element elementor-element-5af5762f elementor-widget elementor-widget-text-editor\" data-id=\"5af5762f\" data-element_type=\"widget\" data-e-type=\"widget\" data-widget_type=\"text-editor.default\">\n\t\t\t\t<div class=\"elementor-widget-container\">\n\t\t\t\t\t\t\t\t\t<p style=\"text-align: justify; text-justify: inter-ideograph;\"><span style=\"font-size: 12.0pt;\">Somos una empresa dedicada a proveer, de una forma diferente y vers\u00e1til, soluciones de \u00faltima generaci\u00f3n en tecnolog\u00edas de informaci\u00f3n y comunicaci\u00f3n. DACTECH oferta las mejores pr\u00e1cticas para cada uno de nuestros proyectos con un equipo multidisciplinario, integrado con profesionales experimentados del m\u00e1s alto nivel y reconocida trayectoria en los sectores p\u00fablico y privado.<\/span><\/p>\t\t\t\t\t\t\t\t<\/div>\n\t\t\t\t<\/div>\n\t\t\t\t\t<\/div>\n\t\t<\/div>\n\t\t\t\t\t<\/div>\n\t\t<\/section>\n\t\t\t\t<section class=\"elementor-section elementor-top-section elementor-element elementor-element-e5c4fbf elementor-section-boxed elementor-section-height-default elementor-section-height-default\" data-id=\"e5c4fbf\" data-element_type=\"section\" data-e-type=\"section\">\n\t\t\t\t\t\t<div class=\"elementor-container elementor-column-gap-default\">\n\t\t\t\t\t<div class=\"elementor-column elementor-col-100 elementor-top-column elementor-element elementor-element-acd219d\" data-id=\"acd219d\" data-element_type=\"column\" data-e-type=\"column\">\n\t\t\t<div class=\"elementor-widget-wrap elementor-element-populated\">\n\t\t\t\t\t\t<div class=\"elementor-element elementor-element-c25629d elementor-widget elementor-widget-image\" data-id=\"c25629d\" data-element_type=\"widget\" data-e-type=\"widget\" data-widget_type=\"image.default\">\n\t\t\t\t<div class=\"elementor-widget-container\">\n\t\t\t\t\t\t\t\t\t\t\t\t\t\t\t<img fetchpriority=\"high\" decoding=\"async\" width=\"800\" height=\"134\" src=\"https:\/\/dactech.net\/uio\/wp-content\/uploads\/2021\/10\/banner.png\" class=\"attachment-large size-large wp-image-170\" alt=\"\" srcset=\"https:\/\/dactech.net\/uio\/wp-content\/uploads\/2021\/10\/banner.png 900w, https:\/\/dactech.net\/uio\/wp-content\/uploads\/2021\/10\/banner-300x50.png 300w, https:\/\/dactech.net\/uio\/wp-content\/uploads\/2021\/10\/banner-768x129.png 768w\" sizes=\"(max-width: 800px) 100vw, 800px\" \/>\t\t\t\t\t\t\t\t\t\t\t\t\t\t\t<\/div>\n\t\t\t\t<\/div>\n\t\t\t\t\t<\/div>\n\t\t<\/div>\n\t\t\t\t\t<\/div>\n\t\t<\/section>\n\t\t\t\t<\/div>\n\t\t","protected":false},"excerpt":{"rendered":"<p>Somos una empresa dedicada a proveer, de una forma diferente y vers\u00e1til, soluciones de \u00faltima generaci\u00f3n en tecnolog\u00edas de informaci\u00f3n y comunicaci\u00f3n. DACTECH oferta las mejores pr\u00e1cticas para cada uno &#8230;<\/p>\n","protected":false},"author":1,"featured_media":0,"parent":0,"menu_order":0,"comment_status":"closed","ping_status":"open","template":"","meta":{"footnotes":""},"class_list":["post-2","page","type-page","status-publish","hentry"],"_links":{"self":[{"href":"https:\/\/dactech.net\/uio\/wp-json\/wp\/v2\/pages\/2","targetHints":{"allow":["GET"]}}],"collection":[{"href":"https:\/\/dactech.net\/uio\/wp-json\/wp\/v2\/pages"}],"about":[{"href":"https:\/\/dactech.net\/uio\/wp-json\/wp\/v2\/types\/page"}],"author":[{"embeddable":true,"href":"https:\/\/dactech.net\/uio\/wp-json\/wp\/v2\/users\/1"}],"replies":[{"embeddable":true,"href":"https:\/\/dactech.net\/uio\/wp-json\/wp\/v2\/comments?post=2"}],"version-history":[{"count":8,"href":"https:\/\/dactech.net\/uio\/wp-json\/wp\/v2\/pages\/2\/revisions"}],"predecessor-version":[{"id":21,"href":"https:\/\/dactech.net\/uio\/wp-json\/wp\/v2\/pages\/2\/revisions\/21"}],"wp:attachment":[{"href":"https:\/\/dactech.net\/uio\/wp-json\/wp\/v2\/media?parent=2"}],"curies":[{"name":"wp","href":"https:\/\/api.w.org\/{rel}","templated":true}]}}